{"id":9,"date":"2017-05-31T14:22:59","date_gmt":"2017-05-31T12:22:59","guid":{"rendered":"http:\/\/zukunftstreff.de\/?page_id=9"},"modified":"2021-09-02T14:55:40","modified_gmt":"2021-09-02T12:55:40","slug":"impressum","status":"publish","type":"page","link":"https:\/\/innovation-digitale-kompetenz.de\/zukunftstreff\/impressum\/","title":{"rendered":"Impressum"},"content":{"rendered":"<section class=\"l-section wpb_row height_small\"><div class=\"l-section-h i-cf\"><div class=\"g-cols vc_row via_flex valign_top type_default stacking_default\"><div class=\"vc_col-sm-12 wpb_column vc_column_container\"><div class=\"vc_column-inner\"><div class=\"wpb_wrapper\"><div class=\"wpb_text_column\"><div class=\"wpb_wrapper\"><h1>Impressum<\/h1>\n<p class=\"Absatz2\"><b>Steinbeis-Beratungszentrum Innovation und digitale Kompetenz<\/b><br \/>\nKreuzbergstra\u00dfe 5<br \/>\n97828 Marktheidenfeld<br \/>\nFon: +49 9391 60498-0<br \/>\nE-Mail: dialog@innovation-digitale-kompetenz.de<br \/>\nLeiter: Andreas Bachmann<\/p>\n<p class=\"Absatz2\"><b>Zentrale<\/b><br \/>\nSteinbeis Beratungszentren GmbH (SBZ)<br \/>\nHaus der Wirtschaft<br \/>\nWilli-Bleicher-Stra\u00dfe 19<br \/>\n70174 Stuttgart<br \/>\nFon: (07 11) 18 39-5<br \/>\nE-Mail: <span lang=\"IT\"><span lang=\"DE\">beratung@stw.de<\/span><\/span>; Internet: www.stw-beratung.de<br \/>\nRegistergericht Stuttgart HRB 25 319<br \/>\nGesch\u00e4ftsf\u00fchrer: Dipl.-Wirtsch.-Ing. August Musch, Dipl.-Ing. (FH) Ralf Lauterwasser<br \/>\nUSt.-Ident.-Nr.: DE218899600<\/p>\n<p>&nbsp;<\/p>\n<p class=\"Absatz2\">SBZ stellt ihr Internetangebot unter folgenden Nutzungsbedingungen zur Verf\u00fcgung:<\/p>\n<h5 class=\"Absatz2\"><b>Haftung<\/b><\/h5>\n<p class=\"Absatz2\">1.\u00a0 SBZ ist als Diensteanbieter nach \u00a7 7 Abs. 1 TMG f\u00fcr die eigenen Inhalte, die es zur Nutzung bereith\u00e4lt, nach den allgemeinen Vorschriften verantwortlich. Die Haftung f\u00fcr Sch\u00e4den materieller oder ideeller Art, die durch die Nutzung der Inhalte verursacht wurden, ist ausgeschlossen, sofern nicht Vorsatz oder grobe Fahrl\u00e4ssigkeit vorliegt.<\/p>\n<p class=\"Absatz2\">2.\u00a0 Soweit ein Text von dritter Seite erstellt ist, wird der jeweilige Verfasser namentlich benannt. In diesen F\u00e4llen ist der Verfasser des jeweiligen Dokuments bzw. sein Auftraggeber f\u00fcr den Inhalt verantwortlich.<\/p>\n<p class=\"Absatz2\">3.\u00a0 SBZ ist gem\u00e4\u00df \u00a7 7 Abs.2 TMG nicht verpflichtet, die von ihr \u00fcbermittelten oder gespeicherten fremden Informationen zu \u00fcberwachen oder nach Umst\u00e4nden zu forschen, die auf eine rechtswidrige T\u00e4tigkeit hinweisen.<\/p>\n<p class=\"Absatz2\">4.\u00a0 SBZ macht sich den Inhalt, der innerhalb seines Angebots per Hyperlinks zug\u00e4nglich gemachten fremden Websites ausdr\u00fccklich nicht zu eigen und kann deshalb f\u00fcr deren inhaltliche Korrektheit, Vollst\u00e4ndigkeit und Verf\u00fcgbarkeit keine Gew\u00e4hr leisten. SBZ hat keinen Einfluss auf die aktuelle und zuk\u00fcnftige Gestaltung und auf Inhalte der verlinkten Seiten.<\/p>\n<h5 class=\"Absatz2\"><b>Urheberrecht<\/b><\/h5>\n<p class=\"Absatz2\">Die Website der SBZ einschlie\u00dflich aller ihrer Teile wie Texte und Bilder ist urheberechtlich gesch\u00fctzt. Jede Verwendung au\u00dferhalb der engen Grenzen des Urheberrechtsgesetzes ist unzul\u00e4ssig. Die Vervielf\u00e4ltigung von Informationen oder Daten, insbesondere die Verwendung von Texten, Textteilen oder Bildmaterial bedarf der vorherigen schriftlichen Zustimmung durch SBZ. Die Weitergabe der Inhalte der Website an Dritte gegen Entgelt ist nicht gestattet.<\/p>\n<h5><strong>Bildrechte\/Bildmaterial<\/strong><\/h5>\n<p>Portraits by <a href=\"http:\/\/SIMOarts.com\" target=\"_blank\" rel=\"noopener noreferrer\">SIMOarts.com<\/a><br \/>\nWeitere Bilder, soweit nicht anders erw\u00e4hnt, unter der Lizenz Creative Commons Zero von\u00a0<a href=\"https:\/\/unsplash.com\" target=\"_blank\" rel=\"noopener noreferrer\">https:\/\/unsplash.com<\/a><\/p>\n<p>&nbsp;<\/p>\n<p class=\"Absatz2\">\u00a0\u00a0\u00a0\u00a0 <b>Verantwortlich f\u00fcr den Inhalt:<\/b><\/p>\n<p class=\"Absatz2\">\u00a0\u00a0\u00a0\u00a0 Andreas Bachmann<\/p>\n<\/div><\/div><\/div><\/div><\/div><\/div><\/div><\/section>\n","protected":false},"excerpt":{"rendered":"Impressum Steinbeis-Beratungszentrum Innovation und digitale Kompetenz Kreuzbergstra\u00dfe 5 97828 Marktheidenfeld Fon: +49 9391 60498-0 E-Mail: dialog@innovation-digitale-kompetenz.de Leiter: Andreas Bachmann Zentrale Steinbeis Beratungszentren GmbH (SBZ) Haus der Wirtschaft Willi-Bleicher-Stra\u00dfe 19 70174 Stuttgart Fon: (07 11) 18 39-5 E-Mail: beratung@stw.de; Internet: www.stw-beratung.de Registergericht Stuttgart HRB 25 319 Gesch\u00e4ftsf\u00fchrer: Dipl.-Wirtsch.-Ing. August Musch, Dipl.-Ing. (FH) Ralf Lauterwasser USt.-Ident.-Nr.: DE218899600...","protected":false},"author":1,"featured_media":0,"parent":0,"menu_order":0,"comment_status":"closed","ping_status":"closed","template":"","meta":{"footnotes":""},"class_list":["post-9","page","type-page","status-publish","hentry"],"_links":{"self":[{"href":"https:\/\/innovation-digitale-kompetenz.de\/zukunftstreff\/wp-json\/wp\/v2\/pages\/9","targetHints":{"allow":["GET"]}}],"collection":[{"href":"https:\/\/innovation-digitale-kompetenz.de\/zukunftstreff\/wp-json\/wp\/v2\/pages"}],"about":[{"href":"https:\/\/innovation-digitale-kompetenz.de\/zukunftstreff\/wp-json\/wp\/v2\/types\/page"}],"author":[{"embeddable":true,"href":"https:\/\/innovation-digitale-kompetenz.de\/zukunftstreff\/wp-json\/wp\/v2\/users\/1"}],"replies":[{"embeddable":true,"href":"https:\/\/innovation-digitale-kompetenz.de\/zukunftstreff\/wp-json\/wp\/v2\/comments?post=9"}],"version-history":[{"count":8,"href":"https:\/\/innovation-digitale-kompetenz.de\/zukunftstreff\/wp-json\/wp\/v2\/pages\/9\/revisions"}],"predecessor-version":[{"id":733,"href":"https:\/\/innovation-digitale-kompetenz.de\/zukunftstreff\/wp-json\/wp\/v2\/pages\/9\/revisions\/733"}],"wp:attachment":[{"href":"https:\/\/innovation-digitale-kompetenz.de\/zukunftstreff\/wp-json\/wp\/v2\/media?parent=9"}],"curies":[{"name":"wp","href":"https:\/\/api.w.org\/{rel}","templated":true}]}}