{"id":315,"date":"2018-05-25T08:49:14","date_gmt":"2018-05-25T06:49:14","guid":{"rendered":"https:\/\/zukunftstreff.de\/?page_id=315"},"modified":"2021-09-02T14:55:40","modified_gmt":"2021-09-02T12:55:40","slug":"praxiswerkstatt-kommunikation-4-0","status":"publish","type":"page","link":"https:\/\/innovation-digitale-kompetenz.de\/zukunftstreff\/praxiswerkstatt-kommunikation-4-0\/","title":{"rendered":"Praxiswerkstatt &#8211; Kommunikation 4.0"},"content":{"rendered":"<section class=\"l-section wpb_row height_large with_img\" id=\"Start\"><div class=\"l-section-img\" role=\"img\" aria-label=\"zukunftstreff-pfeil\" data-img-width=\"1920\" data-img-height=\"1080\" style=\"background-image: url(https:\/\/innovation-digitale-kompetenz.de\/zukunftstreff\/wp-content\/uploads\/zukunftstreff-pfeil_1920-1080.jpg);\"><\/div><div class=\"l-section-h i-cf\"><div class=\"g-cols vc_row via_flex valign_top type_default stacking_default\"><div class=\"vc_col-sm-6 wpb_column vc_column_container\"><div class=\"vc_column-inner\"><div class=\"wpb_wrapper\"><\/div><\/div><\/div><div class=\"vc_col-sm-6 wpb_column vc_column_container\"><div class=\"vc_column-inner\"><div class=\"wpb_wrapper\">[vc_custom_heading text=&#8220;Zukunftstreff am Mittwoch,<br \/>\n20. Juni 2018&#8243; font_container=&#8220;tag:h1|text_align:left&#8220; use_theme_fonts=&#8220;yes&#8220;]<div class=\"wpb_text_column\"><div class=\"wpb_wrapper\"><h3>\u201ePraxiswerkstatt &#8211; Kommunikation 4.0\u201d<br \/>\nBFP Bruno Frass &amp; Partner, W\u00fcrzburg<\/h3>\n<\/div><\/div><\/div><\/div><\/div><\/div><\/div><\/section><section class=\"l-section wpb_row height_small\"><div class=\"l-section-h i-cf\"><div class=\"g-cols vc_row via_flex valign_top type_default stacking_default\"><div class=\"vc_col-sm-8 wpb_column vc_column_container\"><div class=\"vc_column-inner\"><div class=\"wpb_wrapper\"><div class=\"wpb_text_column\"><div class=\"wpb_wrapper\"><p><strong>Mittwoch, 20. Juni 2018, 18 Uhr<br \/>\n<\/strong><span style=\"color: #c22025;\"><strong>&#8222;Praxiswerkstatt \u2013 Kommunikation 4.0&#8220;<br \/>\n<\/strong><\/span><strong><span style=\"color: #c22025;\">Nach einem kurzen Impuls zum Thema werden wir Ihre Praxisf\u00e4lle und Fragen in der Zukunftswerkstatt mit der Erfahrung und Kompetenz aller Teilnehmer bearbeiten<\/span><br \/>\n<\/strong>Bruno Frass &amp; Partner BFP, Schweinfurter Str. 6, 97080 W\u00fcrzburg<\/p>\n<p>Es gibt viele Themenfelder f\u00fcr Ihre Zukunft und die Ihres Unternehmens. Nutzen Sie dort, wo Sie Unterst\u00fctzung und Anregungen brauchen die Zukunftswerkstatt. Diesmal richten wir unseren Fokus auf die Kommunikation in der digitalen Zeit. Was ver\u00e4ndert sich und wir gehen wir damit um? Bringen Sie Ihre Themen &#8211; bei denen Sie sich aktuell mit der Zukunft besch\u00e4ftigen &#8211; ein und wir bearbeiten diese gemeinsam mit innovativen Methoden wie Barcamps, WorldCafe, usw. Wir nutzen die Schwarmintelligenz des Zukunftstreff sowie das Wissen und die Erfahrung aller Teilnehmer, um gemeinsam neuen Wege zu gehen.<\/p>\n<p><strong>Die Praxiswerkstatt<br \/>\n<\/strong>ist eine Veranstaltungsform des Zukuntstreff. Hier sammeln wir schon vorab und auch gerne noch am Zukunftstreff Themen, die Sie gerne bearbeiten m\u00f6chten. Gemeinsam w\u00e4hlen wir aus, welche Themen wir in welchen Gruppen angehen. Dabei nutzen wir die vielf\u00e4ltigen Kompetenzen der Teilnehmer und schaffen L\u00f6sungswege f\u00fcr die Themenlieferanten. Zus\u00e4tzlich entstehen so unz\u00e4hlige Anregungen f\u00fcr die weiteren Teilnehmer, die diese in ihre Praxis \u00fcbertragen k\u00f6nnen. Aus der Praxis f\u00fcr die Praxis mit einem hohem Mehrwert f\u00fcr alle!<\/p>\n<\/div><\/div><\/div><\/div><\/div><div class=\"vc_col-sm-4 wpb_column vc_column_container\"><div class=\"vc_column-inner\"><div class=\"wpb_wrapper\"><div class=\"wpb_text_column\"><div class=\"wpb_wrapper\"><p>18:00 Uhr<\/p>\n<ul>\n<li>Eintreffen der Teilnehmer und Imbiss<\/li>\n<\/ul>\n<p>18:30 Uhr<\/p>\n<ul>\n<li>Begr\u00fc\u00dfung durch den Hausherrn<\/li>\n<li>Impuls durch die M\u00f6glichmacher<\/li>\n<li>Teamwork in der Zukunftswerkstatt<\/li>\n<li>Diskussion &amp; Austausch<\/li>\n<\/ul>\n<p>20:00 Uhr<\/p>\n<ul>\n<li>Offizielles Ende &amp; Netzwerken<\/li>\n<\/ul>\n<\/div><\/div><div class=\"wpb_text_column us_custom_f2e3fbd6\"><div class=\"wpb_wrapper\"><p style=\"text-align: left;\"><span style=\"color: #ffffff;\">Sie wollen gerne \u00fcber die n\u00e4chsten Termine informiert werden?\u00a0Melden Sie sich hier an f\u00fcr den Zukunftstreff-Newsletter.<\/span><\/p>\n<p style=\"text-align: left;\">[mailpoet_form id=&#8220;1&#8243;]<\/p>\n<\/div><\/div><\/div><\/div><\/div><\/div><\/div><\/section><section class=\"l-section wpb_row height_small\" id=\"Location\"><div class=\"l-section-h i-cf\"><div class=\"g-cols vc_row via_flex valign_top type_default stacking_default\"><div class=\"vc_col-sm-12 wpb_column vc_column_container\"><div class=\"vc_column-inner\"><div class=\"wpb_wrapper\">[vc_custom_heading text=&#8220;Location&#8220; use_theme_fonts=&#8220;yes&#8220;]<div class=\"w-grid us_grid type_grid layout_gallery_default cols_3 preload_style_spinner\" id=\"us_grid_1\" style=\"--columns:3;\" data-filterable=\"true\"><style>@media (max-width:479px){#us_grid_1{--columns:2!important}}.layout_gallery_default .w-grid-item-h{}<\/style><div class=\"w-grid-list\">\t<article class=\"w-grid-item size_1x1 post-301 attachment type-attachment status-inherit hentry\" data-id=\"301\">\r\n\t\t<div class=\"w-grid-item-h\">\r\n\t\t\t\t\t\t\t<a ref=\"magnificPopupGrid\" href=\"https:\/\/innovation-digitale-kompetenz.de\/zukunftstreff\/wp-content\/uploads\/bfp-meeting.jpg\" class=\"w-grid-item-anchor\" aria-label=\"bfp-meeting\"><\/a>\r\n\t\t\t\t\t\t<div class=\"w-post-elm post_image usg_post_image_1 stretched\"><img loading=\"lazy\" decoding=\"async\" width=\"600\" height=\"600\" src=\"https:\/\/innovation-digitale-kompetenz.de\/zukunftstreff\/wp-content\/uploads\/bfp-meeting-600x600.jpg\" class=\"attachment-us_600_600_crop size-us_600_600_crop\" alt=\"bfp-meeting\" srcset=\"https:\/\/innovation-digitale-kompetenz.de\/zukunftstreff\/wp-content\/uploads\/bfp-meeting-600x600.jpg 600w, https:\/\/innovation-digitale-kompetenz.de\/zukunftstreff\/wp-content\/uploads\/bfp-meeting-150x150.jpg 150w, https:\/\/innovation-digitale-kompetenz.de\/zukunftstreff\/wp-content\/uploads\/bfp-meeting-350x350.jpg 350w\" sizes=\"auto, (max-width: 600px) 100vw, 600px\" \/><\/div>\t\t<\/div>\r\n\t\t\t<\/article>\r\n\t<article class=\"w-grid-item size_1x1 post-302 attachment type-attachment status-inherit hentry\" data-id=\"302\">\r\n\t\t<div class=\"w-grid-item-h\">\r\n\t\t\t\t\t\t\t<a ref=\"magnificPopupGrid\" href=\"https:\/\/innovation-digitale-kompetenz.de\/zukunftstreff\/wp-content\/uploads\/bfp-innen.jpg\" class=\"w-grid-item-anchor\" aria-label=\"bfp-innen\"><\/a>\r\n\t\t\t\t\t\t<div class=\"w-post-elm post_image usg_post_image_1 stretched\"><img loading=\"lazy\" decoding=\"async\" width=\"600\" height=\"600\" src=\"https:\/\/innovation-digitale-kompetenz.de\/zukunftstreff\/wp-content\/uploads\/bfp-innen-600x600.jpg\" class=\"attachment-us_600_600_crop size-us_600_600_crop\" alt=\"bfp-innen\" srcset=\"https:\/\/innovation-digitale-kompetenz.de\/zukunftstreff\/wp-content\/uploads\/bfp-innen-600x600.jpg 600w, https:\/\/innovation-digitale-kompetenz.de\/zukunftstreff\/wp-content\/uploads\/bfp-innen-150x150.jpg 150w, https:\/\/innovation-digitale-kompetenz.de\/zukunftstreff\/wp-content\/uploads\/bfp-innen-350x350.jpg 350w\" sizes=\"auto, (max-width: 600px) 100vw, 600px\" \/><\/div>\t\t<\/div>\r\n\t\t\t<\/article>\r\n\t<article class=\"w-grid-item size_1x1 post-303 attachment type-attachment status-inherit hentry\" data-id=\"303\">\r\n\t\t<div class=\"w-grid-item-h\">\r\n\t\t\t\t\t\t\t<a ref=\"magnificPopupGrid\" href=\"https:\/\/innovation-digitale-kompetenz.de\/zukunftstreff\/wp-content\/uploads\/bfp-au\u00dfen.jpg\" class=\"w-grid-item-anchor\" aria-label=\"bfp-au\u00dfen\"><\/a>\r\n\t\t\t\t\t\t<div class=\"w-post-elm post_image usg_post_image_1 stretched\"><img loading=\"lazy\" decoding=\"async\" width=\"600\" height=\"600\" src=\"https:\/\/innovation-digitale-kompetenz.de\/zukunftstreff\/wp-content\/uploads\/bfp-au\u00dfen-600x600.jpg\" class=\"attachment-us_600_600_crop size-us_600_600_crop\" alt=\"bfp-au\u00dfen\" srcset=\"https:\/\/innovation-digitale-kompetenz.de\/zukunftstreff\/wp-content\/uploads\/bfp-au\u00dfen-600x600.jpg 600w, https:\/\/innovation-digitale-kompetenz.de\/zukunftstreff\/wp-content\/uploads\/bfp-au\u00dfen-150x150.jpg 150w, https:\/\/innovation-digitale-kompetenz.de\/zukunftstreff\/wp-content\/uploads\/bfp-au\u00dfen-350x350.jpg 350w\" sizes=\"auto, (max-width: 600px) 100vw, 600px\" \/><\/div>\t\t<\/div>\r\n\t\t\t<\/article>\r\n<\/div>\t<div class=\"w-grid-preloader\">\r\n\t\t<div class=\"g-preloader type_1\">\r\n\t\t\t<div><\/div>\r\n\t\t<\/div>\r\n\t<\/div>\r\n\t\t<div class=\"w-grid-json hidden\" onclick='return {&quot;action&quot;:&quot;us_ajax_grid&quot;,&quot;infinite_scroll&quot;:0,&quot;max_num_pages&quot;:1,&quot;pagination&quot;:&quot;none&quot;,&quot;template_vars&quot;:{&quot;columns&quot;:&quot;3&quot;,&quot;exclude_items&quot;:&quot;none&quot;,&quot;img_size&quot;:&quot;us_600_600_crop&quot;,&quot;ignore_items_size&quot;:0,&quot;items_layout&quot;:&quot;gallery_default&quot;,&quot;items_offset&quot;:&quot;1&quot;,&quot;load_animation&quot;:&quot;none&quot;,&quot;overriding_link&quot;:&quot;%7B%22type%22%3A%22popup_image%22%7D&quot;,&quot;post_id&quot;:0,&quot;query_args&quot;:{&quot;post_type&quot;:[&quot;attachment&quot;],&quot;post__in&quot;:[&quot;301&quot;,&quot;302&quot;,&quot;303&quot;],&quot;post_status&quot;:&quot;inherit&quot;,&quot;post_mime_type&quot;:&quot;image&quot;,&quot;posts_per_page&quot;:999},&quot;orderby_query_args&quot;:{&quot;orderby&quot;:{&quot;post__in&quot;:&quot;ASC&quot;},&quot;order&quot;:&quot;ASC&quot;},&quot;type&quot;:&quot;grid&quot;,&quot;us_grid_post_type&quot;:&quot;attachment&quot;,&quot;us_grid_ajax_index&quot;:1,&quot;us_grid_filter_query_string&quot;:null,&quot;us_grid_index&quot;:1,&quot;page_args&quot;:[]}}'><\/div>\r\n\t<\/div>[ultimate_spacer height=&#8220;10&#8243;]<div class=\"wpb_text_column\"><div class=\"wpb_wrapper\"><p><strong>BFP Bruno Fraas &amp; Partner PartG mbB<br \/>\n<\/strong>Schweinfurter Stra\u00dfe 6, 97080 W\u00fcrzburg<\/p>\n<p>Die Kanzlei BFP Bruno Fraas &amp; Partner PartG mbB bietet seit \u00fcber 30 Jahren Rechtsberatung und Steuerberatung in W\u00fcrzburg f\u00fcr regionale Unternehmen und Privatpersonen. Im Oktober 2016 wurde eine Niederlassung in Karlstadt er\u00f6ffnet. Das Team aus Rechtsanw\u00e4lten und einem Steuerberater bietet ein breites Spektrum an professionellen Beratungsleistungen an.<\/p>\n<\/div><\/div><\/div><\/div><\/div><\/div><\/div><\/section><section class=\"l-section wpb_row height_small\" id=\"Kontakt\"><div class=\"l-section-h i-cf\"><div class=\"g-cols vc_row via_flex valign_top type_default stacking_default\"><div class=\"vc_col-sm-6 wpb_column vc_column_container\"><div class=\"vc_column-inner\"><div class=\"wpb_wrapper\">[vc_custom_heading text=&#8220;Anregungen | Ideen | Fragen&#8220; use_theme_fonts=&#8220;yes&#8220;]\n<div class=\"wpcf7 no-js\" id=\"wpcf7-f6-o1\" lang=\"de-DE\" dir=\"ltr\" data-wpcf7-id=\"6\">\n<div class=\"screen-reader-response\"><p role=\"status\" aria-live=\"polite\" aria-atomic=\"true\"><\/p> <ul><\/ul><\/div>\n<form action=\"\/zukunftstreff\/wp-json\/wp\/v2\/pages\/315#wpcf7-f6-o1\" method=\"post\" class=\"wpcf7-form init wpcf7-acceptance-as-validation\" aria-label=\"Kontaktformular\" novalidate=\"novalidate\" data-status=\"init\">\n<fieldset class=\"hidden-fields-container\"><input type=\"hidden\" name=\"_wpcf7\" value=\"6\" \/><input type=\"hidden\" name=\"_wpcf7_version\" value=\"6.1.5\" \/><input type=\"hidden\" name=\"_wpcf7_locale\" value=\"de_DE\" \/><input type=\"hidden\" name=\"_wpcf7_unit_tag\" value=\"wpcf7-f6-o1\" \/><input type=\"hidden\" name=\"_wpcf7_container_post\" value=\"0\" \/><input type=\"hidden\" name=\"_wpcf7_posted_data_hash\" value=\"\" \/>\n<\/fieldset>\n<p><label> Ihr Name *<br \/>\n<span class=\"wpcf7-form-control-wrap\" data-name=\"your-name\"><input size=\"40\" maxlength=\"400\" class=\"wpcf7-form-control wpcf7-text wpcf7-validates-as-required\" aria-required=\"true\" aria-invalid=\"false\" value=\"\" type=\"text\" name=\"your-name\" \/><\/span> <\/label>\n<\/p>\n<p><label> Ihre E-Mail-Adresse *<br \/>\n<span class=\"wpcf7-form-control-wrap\" data-name=\"your-email\"><input size=\"40\" maxlength=\"400\" class=\"wpcf7-form-control wpcf7-email wpcf7-validates-as-required wpcf7-text wpcf7-validates-as-email\" aria-required=\"true\" aria-invalid=\"false\" value=\"\" type=\"email\" name=\"your-email\" \/><\/span> <\/label>\n<\/p>\n<p><label> Ihre Nachricht<br \/>\n<span class=\"wpcf7-form-control-wrap\" data-name=\"your-message\"><textarea cols=\"40\" rows=\"10\" maxlength=\"2000\" class=\"wpcf7-form-control wpcf7-textarea\" aria-invalid=\"false\" name=\"your-message\"><\/textarea><\/span> <\/label>\n<\/p>\n<p><span class=\"wpcf7-form-control-wrap\" data-name=\"Datenschutz\"><span class=\"wpcf7-form-control wpcf7-acceptance\"><span class=\"wpcf7-list-item\"><label><input type=\"checkbox\" name=\"Datenschutz\" value=\"1\" aria-invalid=\"false\" \/><span class=\"wpcf7-list-item-label\">Ich habe die <a href=\"https:\/\/innovation-digitale-kompetenz.de\/zukunftstreff\/datenschutzerklaerung\/\" target=\"_blank\">Datenschutzbestimmung<\/a> gelesen und bin damit einverstanden.*<\/span><\/label><\/span><\/span><\/span>\n<\/p>\n<p><input class=\"wpcf7-form-control wpcf7-submit has-spinner\" type=\"submit\" value=\"Absenden\" \/>\n<\/p>\n<p>*) Eingabe erforderlich\n<\/p><div class=\"wpcf7-response-output\" aria-hidden=\"true\"><\/div>\n<\/form>\n<\/div>\n<\/div><\/div><\/div><div class=\"vc_col-sm-6 wpb_column vc_column_container\"><div class=\"vc_column-inner\"><div class=\"wpb_wrapper\">[vc_custom_heading text=&#8220;Kontakt&#8220; use_theme_fonts=&#8220;yes&#8220;]<div class=\"g-cols wpb_row via_flex valign_top type_default stacking_default\"><div class=\"vc_col-sm-6 wpb_column vc_column_container\"><div class=\"vc_column-inner\"><div class=\"wpb_wrapper\"><div class=\"w-image align_none\"><div class=\"w-image-h\"><img decoding=\"async\" width=\"150\" height=\"150\" src=\"https:\/\/innovation-digitale-kompetenz.de\/zukunftstreff\/wp-content\/uploads\/Andreas-150x150.jpg\" class=\"attachment-thumbnail size-thumbnail\" alt=\"Andreas Bachmann\" loading=\"lazy\" srcset=\"https:\/\/innovation-digitale-kompetenz.de\/zukunftstreff\/wp-content\/uploads\/Andreas-150x150.jpg 150w, https:\/\/innovation-digitale-kompetenz.de\/zukunftstreff\/wp-content\/uploads\/Andreas-300x300.jpg 300w, https:\/\/innovation-digitale-kompetenz.de\/zukunftstreff\/wp-content\/uploads\/Andreas-768x768.jpg 768w, https:\/\/innovation-digitale-kompetenz.de\/zukunftstreff\/wp-content\/uploads\/Andreas-600x600.jpg 600w, https:\/\/innovation-digitale-kompetenz.de\/zukunftstreff\/wp-content\/uploads\/Andreas-350x350.jpg 350w, https:\/\/innovation-digitale-kompetenz.de\/zukunftstreff\/wp-content\/uploads\/Andreas.jpg 800w\" sizes=\"auto, (max-width: 150px) 100vw, 150px\" \/><\/div><\/div><div class=\"wpb_text_column\"><div class=\"wpb_wrapper\"><p>Steinbeis-Beratungszentrum<br \/>\nInnovation und digitale Kompetenz<br \/>\n<strong>Andreas Bachmann<br \/>\n<\/strong><span class=\"w-contacts-item-value\">Kreuzbergstra\u00dfe 5<\/span><br \/>\n<span class=\"w-contacts-item-value\">97828 Marktheidenfeld<\/span><\/p>\n<p><a href=\"tel:+4993916049810\">+49 9391 60498-10<\/a><br \/>\n<a href=\"mailto:andreas.bachmann@innovation-digitale-kompetenz.de\">andreas.bachmann@innovation-digitale-kompetenz.de<\/a><\/p>\n<\/div><\/div><\/div><\/div><\/div><div class=\"vc_col-sm-6 wpb_column vc_column_container\"><div class=\"vc_column-inner\"><div class=\"wpb_wrapper\"><div class=\"w-image align_none\"><div class=\"w-image-h\"><img decoding=\"async\" width=\"150\" height=\"150\" src=\"https:\/\/innovation-digitale-kompetenz.de\/zukunftstreff\/wp-content\/uploads\/Patrick-150x150.jpg\" class=\"attachment-thumbnail size-thumbnail\" alt=\"Patrick Fischer\" loading=\"lazy\" srcset=\"https:\/\/innovation-digitale-kompetenz.de\/zukunftstreff\/wp-content\/uploads\/Patrick-150x150.jpg 150w, https:\/\/innovation-digitale-kompetenz.de\/zukunftstreff\/wp-content\/uploads\/Patrick-300x300.jpg 300w, https:\/\/innovation-digitale-kompetenz.de\/zukunftstreff\/wp-content\/uploads\/Patrick-768x768.jpg 768w, https:\/\/innovation-digitale-kompetenz.de\/zukunftstreff\/wp-content\/uploads\/Patrick-600x600.jpg 600w, https:\/\/innovation-digitale-kompetenz.de\/zukunftstreff\/wp-content\/uploads\/Patrick-350x350.jpg 350w, https:\/\/innovation-digitale-kompetenz.de\/zukunftstreff\/wp-content\/uploads\/Patrick.jpg 800w\" sizes=\"auto, (max-width: 150px) 100vw, 150px\" \/><\/div><\/div><div class=\"wpb_text_column\"><div class=\"wpb_wrapper\"><p>Steinbeis-Beratungszentrum<br \/>\nInnovation und digitale Kompetenz<br \/>\n<strong>Patrick Fischer<br \/>\n<\/strong>Uhlandstra\u00dfe 4<br \/>\n97753 Karlstadt<\/p>\n<p><a href=\"tel:+4993916049820\">+49 9391 60498-20<\/a><br \/>\n<a href=\"mailto:patrick.fischer@innovation-digitale-kompetenz.de\">patrick.fischer@innovation-digitale-kompetenz.de<\/a><\/p>\n<\/div><\/div><\/div><\/div><\/div><\/div><\/div><\/div><\/div><\/div><\/div><\/section>\n","protected":false},"excerpt":{"rendered":"","protected":false},"author":1,"featured_media":0,"parent":0,"menu_order":0,"comment_status":"closed","ping_status":"closed","template":"","meta":{"footnotes":""},"class_list":["post-315","page","type-page","status-publish","hentry"],"_links":{"self":[{"href":"https:\/\/innovation-digitale-kompetenz.de\/zukunftstreff\/wp-json\/wp\/v2\/pages\/315","targetHints":{"allow":["GET"]}}],"collection":[{"href":"https:\/\/innovation-digitale-kompetenz.de\/zukunftstreff\/wp-json\/wp\/v2\/pages"}],"about":[{"href":"https:\/\/innovation-digitale-kompetenz.de\/zukunftstreff\/wp-json\/wp\/v2\/types\/page"}],"author":[{"embeddable":true,"href":"https:\/\/innovation-digitale-kompetenz.de\/zukunftstreff\/wp-json\/wp\/v2\/users\/1"}],"replies":[{"embeddable":true,"href":"https:\/\/innovation-digitale-kompetenz.de\/zukunftstreff\/wp-json\/wp\/v2\/comments?post=315"}],"version-history":[{"count":13,"href":"https:\/\/innovation-digitale-kompetenz.de\/zukunftstreff\/wp-json\/wp\/v2\/pages\/315\/revisions"}],"predecessor-version":[{"id":746,"href":"https:\/\/innovation-digitale-kompetenz.de\/zukunftstreff\/wp-json\/wp\/v2\/pages\/315\/revisions\/746"}],"wp:attachment":[{"href":"https:\/\/innovation-digitale-kompetenz.de\/zukunftstreff\/wp-json\/wp\/v2\/media?parent=315"}],"curies":[{"name":"wp","href":"https:\/\/api.w.org\/{rel}","templated":true}]}}